{"id":1810,"date":"2022-05-18T10:58:27","date_gmt":"2022-05-18T10:58:27","guid":{"rendered":"https:\/\/llumiverdad.com\/contacte\/"},"modified":"2023-09-14T12:03:57","modified_gmt":"2023-09-14T12:03:57","slug":"contacte","status":"publish","type":"page","link":"https:\/\/llumiverdad.com\/ca\/contacte\/","title":{"rendered":"Contacte"},"content":{"rendered":"<style>#kt-layout-id_54a495-e4 > .kt-row-column-wrap{align-content:start;}:where(#kt-layout-id_54a495-e4 > .kt-row-column-wrap) > .wp-block-kadence-column{justify-content:start;}#kt-layout-id_54a495-e4 > .kt-row-column-wrap{column-gap:var(--global-kb-gap-md, 2rem);row-gap:var(--global-kb-gap-md, 2rem);padding-top:25px;padding-bottom:25px;padding-top:var(--global-kb-spacing-sm, 1.5rem);padding-bottom:var(--global-kb-spacing-sm, 1.5rem);grid-template-columns:repeat(2, minmax(0, 1fr));}#kt-layout-id_54a495-e4 > .kt-row-layout-overlay{opacity:0.30;}@media all and (max-width: 1024px){#kt-layout-id_54a495-e4 > .kt-row-column-wrap{grid-template-columns:repeat(2, minmax(0, 1fr));}}@media all and (max-width: 767px){#kt-layout-id_54a495-e4 > .kt-row-column-wrap{grid-template-columns:minmax(0, 1fr);}}<\/style>\n<div class=\"wp-block-kadence-rowlayout alignnone\"><div id=\"kt-layout-id_54a495-e4\" class=\"kt-row-layout-inner kt-layout-id_54a495-e4\"><div class=\"kt-row-column-wrap kt-has-2-columns kt-gutter-default kt-v-gutter-default kt-row-valign-top kt-row-layout-equal kt-tab-layout-inherit kt-m-colapse-left-to-right kt-mobile-layout-row\"><style>.kadence-column_1442dc-61 > .kt-inside-inner-col{border-top-width:0px;border-right-width:0px;border-bottom-width:0px;border-left-width:0px;}.kadence-column_1442dc-61 > .kt-inside-inner-col,.kadence-column_1442dc-61 > .kt-inside-inner-col:before{border-top-left-radius:0px;border-top-right-radius:0px;border-bottom-right-radius:0px;border-bottom-left-radius:0px;}.kadence-column_1442dc-61 > .kt-inside-inner-col:before{opacity:0.3;}.kadence-column_1442dc-61{position:relative;}<\/style>\n<div class=\"wp-block-kadence-column inner-column-1 kadence-column_1442dc-61\"><div class=\"kt-inside-inner-col\"><style>.wp-block-kadence-advancedheading.kt-adv-heading_c227a9-e5, .wp-block-kadence-advancedheading.kt-adv-heading_c227a9-e5[data-kb-block=\"kb-adv-heading_c227a9-e5\"]{font-style:normal;}.wp-block-kadence-advancedheading.kt-adv-heading_c227a9-e5 mark, .wp-block-kadence-advancedheading.kt-adv-heading_c227a9-e5[data-kb-block=\"kb-adv-heading_c227a9-e5\"] mark{font-style:normal;color:#f76a0c;padding-top:0px;padding-right:0px;padding-bottom:0px;padding-left:0px;}<\/style>\n<h2 class=\"kt-adv-heading_c227a9-e5 wp-block-kadence-advancedheading\" data-kb-block=\"kb-adv-heading_c227a9-e5\">Algun dubte o suggeriment?<\/h2>\n\n\n<style>.wp-block-kadence-advancedheading.kt-adv-heading_981acd-83, .wp-block-kadence-advancedheading.kt-adv-heading_981acd-83[data-kb-block=\"kb-adv-heading_981acd-83\"]{font-style:normal;}.wp-block-kadence-advancedheading.kt-adv-heading_981acd-83 mark, .wp-block-kadence-advancedheading.kt-adv-heading_981acd-83[data-kb-block=\"kb-adv-heading_981acd-83\"] mark{font-style:normal;color:#f76a0c;padding-top:0px;padding-right:0px;padding-bottom:0px;padding-left:0px;}<\/style>\n<div class=\"kt-adv-heading_981acd-83 wp-block-kadence-advancedheading\" data-kb-block=\"kb-adv-heading_981acd-83\">Si tens algun dubte o vols posar-te en contacte amb nosaltres, pots fer servir el formulari d&#8217;aquesta p\u00e0gina.<\/div>\n\n\n<style>.wp-block-kadence-advancedheading.kt-adv-heading_ca2fdf-56, .wp-block-kadence-advancedheading.kt-adv-heading_ca2fdf-56[data-kb-block=\"kb-adv-heading_ca2fdf-56\"]{padding-top:1em;font-style:normal;}.wp-block-kadence-advancedheading.kt-adv-heading_ca2fdf-56 mark, .wp-block-kadence-advancedheading.kt-adv-heading_ca2fdf-56[data-kb-block=\"kb-adv-heading_ca2fdf-56\"] mark{font-style:normal;color:#f76a0c;padding-top:0px;padding-right:0px;padding-bottom:0px;padding-left:0px;}<\/style>\n<p class=\"kt-adv-heading_ca2fdf-56 wp-block-kadence-advancedheading\" data-kb-block=\"kb-adv-heading_ca2fdf-56\">O si ho prefereixes, disposes de l&#8217;email <a href=\"mailto:info@llumyverdad.com\">info@llumiverdad.com<\/a>, on pots enviar qualsevol dubte o suggeriment que tinguis.<\/p>\n<\/div><\/div>\n\n\n<style>.kadence-column_f4ef83-05 > .kt-inside-inner-col{border-top-width:0px;border-right-width:0px;border-bottom-width:0px;border-left-width:0px;}.kadence-column_f4ef83-05 > .kt-inside-inner-col,.kadence-column_f4ef83-05 > .kt-inside-inner-col:before{border-top-left-radius:0px;border-top-right-radius:0px;border-bottom-right-radius:0px;border-bottom-left-radius:0px;}.kadence-column_f4ef83-05 > .kt-inside-inner-col:before{opacity:0.3;}.kadence-column_f4ef83-05{position:relative;}<\/style>\n<div class=\"wp-block-kadence-column inner-column-2 kadence-column_f4ef83-05\"><div class=\"kt-inside-inner-col\">\n<div class=\"wp-block-kadence-form kadence-form-_31716d-88 kb-form-wrap\"><form class=\"kb-form\" action=\"\" method=\"post\"><div class=\"kadence-blocks-form-field kb-field-desk-width-100 kb-input-size-standard\"><label for=\"kb_field__31716d-88_0\">Nom<\/label><input name=\"kb_field_0\" id=\"kb_field__31716d-88_0\" data-label=\"Nom\" type=\"text\" placeholder=\"\" value=\"\" data-type=\"text\" class=\"kb-field kb-text-style-field kb-text-field kb-field-0\"\/><\/div><div class=\"kadence-blocks-form-field kb-form-field-1 kb-field-desk-width-100 kb-input-size-standard\"><label for=\"kb_field__31716d-88_1\">Email<span class=\"required\">*<\/span><\/label><input name=\"kb_field_1\" id=\"kb_field__31716d-88_1\" data-label=\"Email\" type=\"email\" placeholder=\"\" value=\"\" data-type=\"email\" class=\"kb-field kb-text-style-field kb-email-field kb-field-1\" data-required=\"yes\"\/><\/div><div class=\"kadence-blocks-form-field kb-form-field-2 kb-field-desk-width-100 kb-input-size-standard\"><label for=\"kb_field__31716d-88_2\">Missatge<span class=\"required\">*<\/span><\/label><textarea name=\"kb_field_2\" id=\"kb_field__31716d-88_2\" data-label=\"Missatge\" type=\"textarea\" placeholder=\"\" data-type=\"textarea\" class=\"kb-field kb-text-style-field kb-textarea-field kb-field-2\" rows=\"4\" data-required=\"yes\"><\/textarea><\/div><div class=\"kadence-blocks-form-field kb-form-field-3 kb-field-desk-width-100 kb-input-size-standard kb-accept-form-field\"><a href=\"https:\/\/llumiverdad.com\/politica-de-privacidad\/\" target=\"_blank\" rel=\"noopener noreferrer\" class=\"kb-accept-link\">Veure pol\u00edtica de privadesa<\/a><input type=\"checkbox\" name=\"kb_field_3\" id=\"kb_field__31716d-88_3\" class=\"kb-field kb-checkbox-style kb-accept\" value=\"acceptar\" data-type=\"accept\" data-required=\"yes\"\/><label for=\"kb_field__31716d-88_3\">He llegit i va acceptar la pol\u00edtica de privadesa<span class=\"required\">*<\/span><\/label><\/div><input type=\"hidden\" name=\"_kb_form_id\" value=\"_31716d-88\"\/><input type=\"hidden\" name=\"_kb_form_post_id\" value=\"342\"\/><input type=\"hidden\" name=\"action\" value=\"kb_process_ajax_submit\"\/><input class=\"kadence-blocks-field verify\" type=\"text\" name=\"_kb_verify_email\" autocomplete=\"off\" aria-hidden=\"true\" placeholder=\"Email\" tabindex=\"-1\"\/><div class=\"kadence-blocks-form-field kb-submit-field kb-field-desk-width-100\"><button class=\"kb-forms-submit button kb-button-size-standard kb-button-width-auto\">Enviar missatge<\/button><\/div><\/form><\/div>\n<noscript><div class=\"kadence-blocks-form-message kadence-blocks-form-warning\">Please enable JavaScript in your browser to submit the form<\/div><style>.kadence-form-_31716d-88 .kadence-blocks-form-field.kb-submit-field { display: none; }<\/style><\/noscript>\n\n<style>.kt-accordion-id_3c1ab0-9d .kt-accordion-panel-inner{border-top-width:0px;border-right-width:1px;border-bottom-width:1px;border-left-width:1px;background:#ffffff;padding-top:var(--global-kb-spacing-sm, 1.5rem);padding-right:var(--global-kb-spacing-sm, 1.5rem);padding-bottom:var(--global-kb-spacing-sm, 1.5rem);padding-left:var(--global-kb-spacing-sm, 1.5rem);}.kt-accordion-id_3c1ab0-9d .wp-block-kadence-pane .kt-accordion-header-wrap .kt-blocks-accordion-header{border-top-color:#eeeeee;border-right-color:#eeeeee;border-bottom-color:#eeeeee;border-left-color:#eeeeee;border-top-width:1px;border-right-width:1px;border-bottom-width:1px;border-left-width:2px;border-top-left-radius:0px;border-top-right-radius:0px;border-bottom-right-radius:0px;border-bottom-left-radius:0px;background:#ffffff;font-size:18px;line-height:24px;color:#444444;padding-top:14px;padding-right:16px;padding-bottom:14px;padding-left:16px;}.kt-accordion-id_3c1ab0-9d .kt-accordion-header-wrap{margin-top:10px;}.single-content .wp-block-kadence-pane>h2:first-child,\n\t\t\t.single-content .wp-block-kadence-pane>h3:first-child,\n\t\t\t.single-content .wp-block-kadence-pane>h4:first-child,\n\t\t\t.single-content .wp-block-kadence-pane>h5:first-child,\n\t\t\t.single-content .wp-block-kadence-pane>h6:first-child{margin-top:10px;}.kt-accordion-id_3c1ab0-9d:not( .kt-accodion-icon-style-basiccircle ):not( .kt-accodion-icon-style-xclosecircle ):not( .kt-accodion-icon-style-arrowcircle ) .kt-blocks-accordion-icon-trigger:after, .kt-accordion-id_3c1ab0-9d:not( .kt-accodion-icon-style-basiccircle ):not( .kt-accodion-icon-style-xclosecircle ):not( .kt-accodion-icon-style-arrowcircle ) .kt-blocks-accordion-icon-trigger:before{background:#444444;}.kt-accordion-id_3c1ab0-9d:not( .kt-accodion-icon-style-basic ):not( .kt-accodion-icon-style-xclose ):not( .kt-accodion-icon-style-arrow ) .kt-blocks-accordion-icon-trigger{background:#444444;}.kt-accordion-id_3c1ab0-9d:not( .kt-accodion-icon-style-basic ):not( .kt-accodion-icon-style-xclose ):not( .kt-accodion-icon-style-arrow ) .kt-blocks-accordion-icon-trigger:after, .kt-accordion-id_3c1ab0-9d:not( .kt-accodion-icon-style-basic ):not( .kt-accodion-icon-style-xclose ):not( .kt-accodion-icon-style-arrow ) .kt-blocks-accordion-icon-trigger:before{background:#ffffff;}.kt-accordion-id_3c1ab0-9d .kt-accordion-header-wrap .kt-blocks-accordion-header:hover, .kt-accordion-id_3c1ab0-9d .kt-accordion-header-wrap .kt-blocks-accordion-header:focus{color:#444444;background:#ffffff;border-top-color:#d4d4d4;border-right-color:#d4d4d4;border-bottom-color:#d4d4d4;border-left-color:#d4d4d4;}.kt-accordion-id_3c1ab0-9d:not( .kt-accodion-icon-style-basiccircle ):not( .kt-accodion-icon-style-xclosecircle ):not( .kt-accodion-icon-style-arrowcircle ) .kt-blocks-accordion-header:hover .kt-blocks-accordion-icon-trigger:after, .kt-accordion-id_3c1ab0-9d:not( .kt-accodion-icon-style-basiccircle ):not( .kt-accodion-icon-style-xclosecircle ):not( .kt-accodion-icon-style-arrowcircle ) .kt-blocks-accordion-header:hover .kt-blocks-accordion-icon-trigger:before, .kt-accordion-id_3c1ab0-9d:not( .kt-accodion-icon-style-basiccircle ):not( .kt-accodion-icon-style-xclosecircle ):not( .kt-accodion-icon-style-arrowcircle ) .kt-blocks-accordion-header:focus .kt-blocks-accordion-icon-trigger:after, .kt-accordion-id_3c1ab0-9d:not( .kt-accodion-icon-style-basiccircle ):not( .kt-accodion-icon-style-xclosecircle ):not( .kt-accodion-icon-style-arrowcircle ) .kt-blocks-accordion-header:focus .kt-blocks-accordion-icon-trigger:before{background:#444444;}.kt-accordion-id_3c1ab0-9d:not( .kt-accodion-icon-style-basic ):not( .kt-accodion-icon-style-xclose ):not( .kt-accodion-icon-style-arrow ) .kt-blocks-accordion-header:hover .kt-blocks-accordion-icon-trigger, .kt-accordion-id_3c1ab0-9d:not( .kt-accodion-icon-style-basic ):not( .kt-accodion-icon-style-xclose ):not( .kt-accodion-icon-style-arrow ) .kt-blocks-accordion-header:focus .kt-blocks-accordion-icon-trigger{background:#444444;}.kt-accordion-id_3c1ab0-9d:not( .kt-accodion-icon-style-basic ):not( .kt-accodion-icon-style-xclose ):not( .kt-accodion-icon-style-arrow ) .kt-blocks-accordion-header:hover .kt-blocks-accordion-icon-trigger:after, .kt-accordion-id_3c1ab0-9d:not( .kt-accodion-icon-style-basic ):not( .kt-accodion-icon-style-xclose ):not( .kt-accodion-icon-style-arrow ) .kt-blocks-accordion-header:hover .kt-blocks-accordion-icon-trigger:before, .kt-accordion-id_3c1ab0-9d:not( .kt-accodion-icon-style-basic ):not( .kt-accodion-icon-style-xclose ):not( .kt-accodion-icon-style-arrow ) .kt-blocks-accordion-header:focus .kt-blocks-accordion-icon-trigger:after, .kt-accordion-id_3c1ab0-9d:not( .kt-accodion-icon-style-basic ):not( .kt-accodion-icon-style-xclose ):not( .kt-accodion-icon-style-arrow ) .kt-blocks-accordion-header:focus .kt-blocks-accordion-icon-trigger:before{background:#ffffff;}.kt-accordion-id_3c1ab0-9d .kt-accordion-header-wrap .kt-blocks-accordion-header.kt-accordion-panel-active{color:#444444;background:#ffffff;border-top-color:#eeeeee;border-right-color:#eeeeee;border-bottom-color:#eeeeee;border-left-color:#0e9cd1;}.kt-accordion-id_3c1ab0-9d:not( .kt-accodion-icon-style-basiccircle ):not( .kt-accodion-icon-style-xclosecircle ):not( .kt-accodion-icon-style-arrowcircle ) .kt-blocks-accordion-header.kt-accordion-panel-active .kt-blocks-accordion-icon-trigger:after, .kt-accordion-id_3c1ab0-9d:not( .kt-accodion-icon-style-basiccircle ):not( .kt-accodion-icon-style-xclosecircle ):not( .kt-accodion-icon-style-arrowcircle ) .kt-blocks-accordion-header.kt-accordion-panel-active .kt-blocks-accordion-icon-trigger:before{background:#444444;}.kt-accordion-id_3c1ab0-9d:not( .kt-accodion-icon-style-basic ):not( .kt-accodion-icon-style-xclose ):not( .kt-accodion-icon-style-arrow ) .kt-blocks-accordion-header.kt-accordion-panel-active .kt-blocks-accordion-icon-trigger{background:#444444;}.kt-accordion-id_3c1ab0-9d:not( .kt-accodion-icon-style-basic ):not( .kt-accodion-icon-style-xclose ):not( .kt-accodion-icon-style-arrow ) .kt-blocks-accordion-header.kt-accordion-panel-active .kt-blocks-accordion-icon-trigger:after, .kt-accordion-id_3c1ab0-9d:not( .kt-accodion-icon-style-basic ):not( .kt-accodion-icon-style-xclose ):not( .kt-accodion-icon-style-arrow ) .kt-blocks-accordion-header.kt-accordion-panel-active .kt-blocks-accordion-icon-trigger:before{background:#ffffff;}<\/style>\n<div class=\"wp-block-kadence-accordion alignnone\"><div class=\"kt-accordion-wrap kt-accordion-wrap kt-accordion-id_3c1ab0-9d kt-accordion-has-2-panes kt-active-pane-0 kt-accordion-block kt-pane-header-alignment-left kt-accodion-icon-style-arrow kt-accodion-icon-side-right\" style=\"max-width:none\"><div class=\"kt-accordion-inner-wrap\" data-allow-multiple-open=\"false\" data-start-open=\"none\">\n<div class=\"wp-block-kadence-pane kt-accordion-pane kt-accordion-pane-1 kt-pane_ef13f9-bb\"><div class=\"kt-accordion-header-wrap\"><button class=\"kt-blocks-accordion-header kt-acccordion-button-label-show\"><span class=\"kt-blocks-accordion-title-wrap\"><span class=\"kt-blocks-accordion-title\">Abans d&#8217;enviar la vostra consulta, podeu consultar la nostra pol\u00edtica de privadesa fent clic aqu\u00ed.<\/span><\/span><span class=\"kt-blocks-accordion-icon-trigger\"><\/span><\/button><\/div><div class=\"kt-accordion-panel kt-accordion-panel-hidden\"><div class=\"kt-accordion-panel-inner\">\n<p><strong>Responsable<\/strong>: <strong>Humanisme i Acci\u00f3<\/strong>.<\/p>\n\n\n\n<p><strong>Finalitat<\/strong>: Respondre a la teva consulta.<\/p>\n\n\n\n<p><strong>Drets<\/strong>: Podr\u00e0s exercir els teus drets d&#8217;acc\u00e9s, rectificaci\u00f3, limitaci\u00f3 i suprimir les dades en aquest formulari aix\u00ed com el dret a presentar una reclamaci\u00f3 davant d&#8217;una autoritat de control.<\/p>\n\n\n\n<p><strong>Informaci\u00f3 addicional<\/strong>: A la <a href=\"https:\/\/llumiverdad.com\/politica-de-privacidad\/\">pol\u00edtica de privadesa<\/a> d&#8217;<strong>Humanisme i Acci\u00f3<\/strong> trobar\u00e0s informaci\u00f3 addicional sobre la recopilaci\u00f3 i \u00fas de la teva informaci\u00f3 personal per part d&#8217;<strong>Humanisme i Acci\u00f3<\/strong>, inclosa informaci\u00f3 sobre acc\u00e9s, conservaci\u00f3, rectificaci\u00f3, eliminaci\u00f3, seguretat i altres temes.<\/p>\n<\/div><\/div><\/div>\n<\/div><\/div><\/div>\n<\/div><\/div>\n<\/div><\/div><\/div>\n<style>#kt-layout-id_b45c84-84 > .kt-row-column-wrap{align-content:start;}:where(#kt-layout-id_b45c84-84 > .kt-row-column-wrap) > .wp-block-kadence-column{justify-content:start;}#kt-layout-id_b45c84-84 > .kt-row-column-wrap{column-gap:var(--global-kb-gap-md, 2rem);row-gap:var(--global-kb-gap-md, 2rem);padding-top:25px;padding-bottom:25px;padding-left:0px;padding-right:0px;grid-template-columns:minmax(0, 1fr);}#kt-layout-id_b45c84-84 > .kt-row-layout-overlay{opacity:0.30;}@media all and (max-width: 1024px){#kt-layout-id_b45c84-84 > .kt-row-column-wrap{grid-template-columns:minmax(0, 1fr);}}@media all and (max-width: 767px){#kt-layout-id_b45c84-84 > .kt-row-column-wrap{grid-template-columns:minmax(0, 1fr);}}<\/style>\n<div class=\"wp-block-kadence-rowlayout alignfull\"><div id=\"kt-layout-id_b45c84-84\" class=\"kt-row-layout-inner kt-layout-id_b45c84-84\"><div class=\"kt-row-column-wrap kt-has-1-columns kt-gutter-default kt-v-gutter-default kt-row-valign-top kt-row-layout-equal kt-tab-layout-inherit kt-m-colapse-left-to-right kt-mobile-layout-row\"><style>.kadence-column_71508d-b4 > .kt-inside-inner-col{padding-left:0px;padding-right:0px;}.kadence-column_71508d-b4 > .kt-inside-inner-col{border-top-width:0px;border-right-width:0px;border-bottom-width:0px;border-left-width:0px;}.kadence-column_71508d-b4 > .kt-inside-inner-col,.kadence-column_71508d-b4 > .kt-inside-inner-col:before{border-top-left-radius:0px;border-top-right-radius:0px;border-bottom-right-radius:0px;border-bottom-left-radius:0px;}.kadence-column_71508d-b4 > .kt-inside-inner-col:before{opacity:0.3;}.kadence-column_71508d-b4{position:relative;}<\/style>\n<div class=\"wp-block-kadence-column inner-column-1 kadence-column_71508d-b4\"><div class=\"kt-inside-inner-col\"><style>.kb-google-maps-container_8c4778-d6{height:450px;}.kb-google-maps-container_8c4778-d6{filter:grayscale(50%);}<\/style>\n<div class=\"kb-google-maps-container kb-google-maps-container_8c4778-d6\" data-mapid=\"_8c4778-d6\"><iframe width=\"100%\" height=\"100%\" style=\"border:0\" loading=\"lazy\" src=\"https:\/\/www.google.com\/maps\/embed\/v1\/place?key=AIzaSyBAM2o7PiQqwk15LC1XRH2e_KJ-jUa7KYk&amp;zoom=12&amp;maptype=roadmap&amp;q=Barcelona\"><\/iframe><\/div>\n<script>function kb_google_map_8c4778_d6() { let center = { lat: 37.8201, lng: -122.4781}; let map = new google.maps.Map(document.getElementById(\"kb-google-map_8c4778-d6\"), {\n\t\t\t\t\t    zoom: 12,\n\t\t\t\t\t    center: center,});let marker = new google.maps.Marker({   position: { lat: 37.8201, lng: -122.4781},    map: map,  });}<\/script><\/div><\/div>\n<\/div><\/div><\/div>\n\n<p><\/p>\n","protected":false},"excerpt":{"rendered":"<p>Algun dubte o suggeriment? Si tens algun dubte o vols posar-te en contacte amb nosaltres, pots fer servir el formulari d&#8217;aquesta p\u00e0gina. O si ho prefereixes, disposes de l&#8217;email info@llumiverdad.com, on pots enviar qualsevol dubte o suggeriment que tinguis.<\/p>\n","protected":false},"author":1,"featured_media":0,"parent":0,"menu_order":0,"comment_status":"closed","ping_status":"closed","template":"","meta":{"_kad_blocks_custom_css":"","_kad_blocks_head_custom_js":"","_kad_blocks_body_custom_js":"","_kad_blocks_footer_custom_js":"","_kad_post_transparent":"","_kad_post_title":"","_kad_post_layout":"","_kad_post_sidebar_id":"","_kad_post_content_style":"","_kad_post_vertical_padding":"","_kad_post_feature":"","_kad_post_feature_position":"","_kad_post_header":false,"_kad_post_footer":false},"featured_image_src_large":false,"author_info":{"display_name":"admin","author_link":"https:\/\/llumiverdad.com\/ca\/author\/admin\/"},"comment_info":0,"taxonomy_info":[],"_links":{"self":[{"href":"https:\/\/llumiverdad.com\/ca\/wp-json\/wp\/v2\/pages\/1810"}],"collection":[{"href":"https:\/\/llumiverdad.com\/ca\/wp-json\/wp\/v2\/pages"}],"about":[{"href":"https:\/\/llumiverdad.com\/ca\/wp-json\/wp\/v2\/types\/page"}],"author":[{"embeddable":true,"href":"https:\/\/llumiverdad.com\/ca\/wp-json\/wp\/v2\/users\/1"}],"replies":[{"embeddable":true,"href":"https:\/\/llumiverdad.com\/ca\/wp-json\/wp\/v2\/comments?post=1810"}],"version-history":[{"count":1,"href":"https:\/\/llumiverdad.com\/ca\/wp-json\/wp\/v2\/pages\/1810\/revisions"}],"predecessor-version":[{"id":1811,"href":"https:\/\/llumiverdad.com\/ca\/wp-json\/wp\/v2\/pages\/1810\/revisions\/1811"}],"wp:attachment":[{"href":"https:\/\/llumiverdad.com\/ca\/wp-json\/wp\/v2\/media?parent=1810"}],"curies":[{"name":"wp","href":"https:\/\/api.w.org\/{rel}","templated":true}]}}