{"id":1805,"date":"2022-05-14T20:24:22","date_gmt":"2022-05-14T20:24:22","guid":{"rendered":"https:\/\/llumiverdad.com\/la-c-%c2%b7-i-%c2%b7-l-%c2%b7-e-%c2%b7\/"},"modified":"2023-09-14T12:14:59","modified_gmt":"2023-09-14T12:14:59","slug":"la-c-%c2%b7-i-%c2%b7-l-%c2%b7-e-%c2%b7","status":"publish","type":"page","link":"https:\/\/llumiverdad.com\/ca\/la-c-%c2%b7-i-%c2%b7-l-%c2%b7-e-%c2%b7\/","title":{"rendered":"La C.\u00b7.I.\u00b7.L.\u00b7.\u00c9.\u00b7."},"content":{"rendered":"\n<div class=\"wp-block-kadence-image kb-image_9e44bc-71\"><figure class=\"aligncenter size-full\"><a href=\"https:\/\/llumiverdad.com\/wp-content\/uploads\/2022\/05\/la_cile.png\" class=\"kb-advanced-image-link\"><img decoding=\"async\" loading=\"lazy\" width=\"575\" height=\"702\" src=\"https:\/\/llumiverdad.com\/wp-content\/uploads\/2022\/05\/la_cile.png\" alt=\"\" class=\"kb-img wp-image-138\" srcset=\"https:\/\/llumiverdad.com\/wp-content\/uploads\/2022\/05\/la_cile.png 575w, https:\/\/llumiverdad.com\/wp-content\/uploads\/2022\/05\/la_cile-246x300.png 246w\" sizes=\"(max-width: 575px) 100vw, 575px\" \/><\/a><\/figure><\/div>\n\n\n\n<p><strong>&#8220;L&#8217;hum\u00e0 \u00e9s un \u00e9sser que est\u00e0 constantment en construcci\u00f3&#8221;<\/strong><\/p>\n\n\n<style>.kb-image_10382a-d2.kb-image-is-ratio-size, .kb-image_10382a-d2 .kb-image-is-ratio-size{max-width:1275px;width:100%;}.kb-image_10382a-d2 figure{max-width:1275px;}.kb-image_10382a-d2 .image-is-svg, .kb-image_10382a-d2 .image-is-svg img{width:100%;}<\/style>\n<div class=\"wp-block-kadence-image kb-image_10382a-d2\"><figure class=\"aligncenter size-full\"><a href=\"https:\/\/llumiverdad.com\/wp-content\/uploads\/2022\/05\/135339703_1538670219_106763873-1.jpg\" class=\"kb-advanced-image-link\"><img decoding=\"async\" loading=\"lazy\" width=\"720\" height=\"540\" src=\"https:\/\/llumiverdad.com\/wp-content\/uploads\/2022\/05\/135339703_1538670219_106763873-1.jpg\" alt=\"\" class=\"kb-img wp-image-570\" srcset=\"https:\/\/llumiverdad.com\/wp-content\/uploads\/2022\/05\/135339703_1538670219_106763873-1.jpg 720w, https:\/\/llumiverdad.com\/wp-content\/uploads\/2022\/05\/135339703_1538670219_106763873-1-300x225.jpg 300w\" sizes=\"(max-width: 720px) 100vw, 720px\" \/><\/a><\/figure><\/div>\n\n\n\n<p><a href=\"https:\/\/lacile.com\/\" target=\"_blank\" rel=\"noreferrer noopener\">La Confederaci\u00f3 Internacional de L\u00f2gies Escoceses (C.\u00b7.I.\u00b7.L.\u00b7.\u00c9.\u00b7.)<\/a> \u00e9s una organitzaci\u00f3 ma\u00e7\u00f2nica integrada per tallers lliures i aut\u00f2noms que treballen el <a href=\"https:\/\/es.wikipedia.org\/wiki\/Rito_Escoc%C3%A9s_Antiguo_y_Aceptado\" target=\"_blank\" rel=\"noreferrer noopener\">R.\u00b7.E.\u00b7.A.\u00b7.A .\u00b7.<\/a><\/p>\n\n\n\n<p>\u00c9s una associaci\u00f3 legal i reconeguda, <strong>els estatuts de la qual estan degudament legalitzats<\/strong> davant les autoritats oportunes, i que funciona sota els principis seg\u00fcents:<\/p>\n\n\n\n<ul>\n<li><strong>R\u00e8gim confederal<\/strong>, que pressuposa l&#8217;autonomia administrativa dels tallers.<\/li>\n\n\n\n<li><strong>La Constituci\u00f3 ha estat aprovada<\/strong> pels membres fundadors.<\/li>\n\n\n\n<li>El m\u00e8tode de treball adoptat \u00e9s el <a rel=\"noreferrer noopener\" href=\"https:\/\/elobrero.es\/cultura\/39913-el-rito-escoces-antiguo-y-aceptado-reaa.html\" target=\"_blank\">Ritual Escoc\u00e8s Antic Acceptat<\/a>.<\/li>\n\n\n\n<li>Els rituals, fidels al <strong>&#8220;Tuileur de Lausanne&#8221;<\/strong> <strong>(1875)<\/strong> s\u00f3n distribu\u00efts, entre els tallers integrants, pel Consistori Federal i estan disponibles en els idiomes reconeguts a les regions en qu\u00e8 estan establerts aquests tallers.<\/li>\n\n\n\n<li>El Reglament General de la C.\u00b7.I.\u00b7.L.\u00b7.\u00c9.\u00b7., que constitueix el reglament intern de la Confederaci\u00f3, <a href=\"https:\/\/lacile.com\/events-2\/\" target=\"_blank\" rel=\"noreferrer noopener\">ha estat aprovat pels membres fundadors<\/a>.<\/li>\n<\/ul>\n\n\n<style>.wp-block-kadence-advancedheading.kt-adv-heading_c24e2e-fa, .wp-block-kadence-advancedheading.kt-adv-heading_c24e2e-fa[data-kb-block=\"kb-adv-heading_c24e2e-fa\"]{font-style:normal;}.wp-block-kadence-advancedheading.kt-adv-heading_c24e2e-fa mark, .wp-block-kadence-advancedheading.kt-adv-heading_c24e2e-fa[data-kb-block=\"kb-adv-heading_c24e2e-fa\"] mark{font-style:normal;color:#f76a0c;padding-top:0px;padding-right:0px;padding-bottom:0px;padding-left:0px;}<\/style>\n<h2 class=\"kt-adv-heading_c24e2e-fa wp-block-kadence-advancedheading\" data-kb-block=\"kb-adv-heading_c24e2e-fa\"><strong>EL NOSTRE PROJECTE DE TREBALL CONSISTEIX A:<\/strong><\/h2>\n\n\n\n<p><strong>Treballar de manera ritual, eficient, tranquil\u00b7la,<\/strong> sense que cap dels organismes ni tallers que formen la Confederaci\u00f3 hagin de suportar una gran burocr\u00e0cia.<\/p>\n\n\n\n<p><strong>Debatre, compartir i cr\u00e9ixer amb els nostres Gans.\u00b7. i Gnes.\u00b7.<\/strong>, des de tots els horitzons geogr\u00e0fics en qu\u00e8 estiguem establerts, a trav\u00e9s als mitjans que tenim al nostre abast, sense fronteres i sense barreres.<\/p>\n\n\n\n<p><strong>Respectar les cultures de tots els nostres Gans.\u00b7. i Gnes.\u00b7.<\/strong> amb independ\u00e8ncia del seu origen i localitzaci\u00f3.<\/p>\n\n\n\n<p><strong>Treballar genu\u00efnament per realitzar i assolir<\/strong> els objectius nobles, generosos i human\u00edstics de la Francma\u00e7oneria alhora que s&#8217;aconsegueix augmentar el bagatge i els coneixements culturals dels nostres membres.<\/p>\n\n\n<style>.wp-block-kadence-advancedheading.kt-adv-heading_c496af-4c, .wp-block-kadence-advancedheading.kt-adv-heading_c496af-4c[data-kb-block=\"kb-adv-heading_c496af-4c\"]{font-style:normal;}.wp-block-kadence-advancedheading.kt-adv-heading_c496af-4c mark, .wp-block-kadence-advancedheading.kt-adv-heading_c496af-4c[data-kb-block=\"kb-adv-heading_c496af-4c\"] mark{font-style:normal;color:#f76a0c;padding-top:0px;padding-right:0px;padding-bottom:0px;padding-left:0px;}<\/style>\n<h2 class=\"kt-adv-heading_c496af-4c wp-block-kadence-advancedheading\" data-kb-block=\"kb-adv-heading_c496af-4c\"><strong>EL VIATGE INICI\u00c0TIC:<\/strong><\/h2>\n\n\n\n<figure class=\"wp-block-kadence-image kb-image_fe36f3-54 size-full kb-image-is-ratio-size\"><a href=\"https:\/\/llumiverdad.com\/wp-content\/uploads\/2022\/05\/pexels-photo-1537582.jpeg\" class=\"kb-advanced-image-link\"><div class=\"kb-is-ratio-image kb-image-ratio-land31\"><img decoding=\"async\" loading=\"lazy\" width=\"498\" height=\"750\" src=\"https:\/\/llumiverdad.com\/wp-content\/uploads\/2022\/05\/pexels-photo-1537582.jpeg\" alt=\"\" class=\"kb-img wp-image-419\" srcset=\"https:\/\/llumiverdad.com\/wp-content\/uploads\/2022\/05\/pexels-photo-1537582.jpeg 498w, https:\/\/llumiverdad.com\/wp-content\/uploads\/2022\/05\/pexels-photo-1537582-199x300.jpeg 199w\" sizes=\"(max-width: 498px) 100vw, 498px\" \/><\/div><\/a><\/figure>\n\n\n\n<p>La C.\u00b7.I.\u00b7.L.\u00b7.\u00c9.\u00b7. ofereix a cadascun dels seus membres <strong>un projecte ma\u00e7\u00f2nic<\/strong> personal que comen\u00e7a amb la seva iniciaci\u00f3 en una l\u00f2gia blava on es podr\u00e0 desenvolupar en els coneixements dels 3 primers graus.<\/p>\n\n\n\n<p>Un cop completats aquests 3 graus, hi ha la possibilitat, sempre volunt\u00e0ria, de <strong>progressar als cursos d&#8217;aprofundiment<\/strong>, on es podr\u00e0 ampliar i completar els coneixements, aix\u00ed com la cultura ma\u00e7\u00f2nica i humana, en tallers espec\u00edfics, en els 30 graus seg\u00fcents segons el <a href=\"https:\/\/lacile.com\/events-2\/\" target=\"_blank\" rel=\"noreferrer noopener\">Ritual Escoc\u00e8s Antic Acceptat<\/a>, podent aix\u00ed arribar fins al grau 33.<\/p>\n\n\n<style>.wp-block-kadence-advancedheading.kt-adv-heading_6e0f02-57, .wp-block-kadence-advancedheading.kt-adv-heading_6e0f02-57[data-kb-block=\"kb-adv-heading_6e0f02-57\"]{font-style:normal;}.wp-block-kadence-advancedheading.kt-adv-heading_6e0f02-57 mark, .wp-block-kadence-advancedheading.kt-adv-heading_6e0f02-57[data-kb-block=\"kb-adv-heading_6e0f02-57\"] mark{font-style:normal;color:#f76a0c;padding-top:0px;padding-right:0px;padding-bottom:0px;padding-left:0px;}<\/style>\n<h2 class=\"kt-adv-heading_6e0f02-57 wp-block-kadence-advancedheading\" data-kb-block=\"kb-adv-heading_6e0f02-57\"><strong>ELS TALLERS:<\/strong><\/h2>\n\n\n\n<p><a href=\"https:\/\/lacile.com\/events-2\/\" target=\"_blank\" rel=\"noreferrer noopener\">Tots els tallers que integren la C.\u00b7.I.\u00b7.L.\u00b7.\u00c9.\u00b7. treballen d&#8217;acord amb el m\u00e8tode ma\u00e7\u00f2nic del Ritu Escoc\u00e8s Antic Acceptat.<\/a><\/p>\n\n\n\n<p>A cadascun d&#8217;ells, <strong>els Oficials encarregats de dirigir-lo<\/strong> i de fer respectar els Reglaments Generals i la Constituci\u00f3 de la Confederaci\u00f3 seran elegits cada any, i <strong>hauran de garantir que entre els estudis i treballs a realitzar<\/strong> pels membres del Taller es trobin en igualtat <strong>temes simb\u00f2lics, aix\u00ed com socials<\/strong> que hauran de ser tractats des de la perspectiva d&#8217;un Francma\u00e7\u00f3.<\/p>\n\n\n\n<p><strong>Cap grau assolit<\/strong> a trav\u00e9s dels tallers blaus ni dels tallers d&#8217;aprofundiment <strong>representa m\u00e9s poder o capacitat<\/strong> dins dels mateixos tallers o de l&#8217;administraci\u00f3 de la C.\u00b7.I.\u00b7.L.\u00b7.\u00c9.\u00b7.<\/p>\n","protected":false},"excerpt":{"rendered":"<p>&#8220;L&#8217;hum\u00e0 \u00e9s un \u00e9sser que est\u00e0 constantment en construcci\u00f3&#8221; La Confederaci\u00f3 Internacional de L\u00f2gies Escoceses (C.\u00b7.I.\u00b7.L.\u00b7.\u00c9.\u00b7.) \u00e9s una organitzaci\u00f3 ma\u00e7\u00f2nica integrada per tallers lliures i aut\u00f2noms que treballen el R.\u00b7.E.\u00b7.A.\u00b7.A .\u00b7. \u00c9s una associaci\u00f3 legal i reconeguda, els estatuts de la qual estan degudament legalitzats davant les autoritats oportunes, i que funciona sota els principis&#8230;<\/p>\n","protected":false},"author":1,"featured_media":766,"parent":0,"menu_order":0,"comment_status":"closed","ping_status":"closed","template":"","meta":{"_kad_blocks_custom_css":"","_kad_blocks_head_custom_js":"","_kad_blocks_body_custom_js":"","_kad_blocks_footer_custom_js":"","_kad_post_transparent":"","_kad_post_title":"","_kad_post_layout":"","_kad_post_sidebar_id":"","_kad_post_content_style":"","_kad_post_vertical_padding":"","_kad_post_feature":"hide","_kad_post_feature_position":"","_kad_post_header":false,"_kad_post_footer":false},"featured_image_src_large":["https:\/\/llumiverdad.com\/wp-content\/uploads\/2022\/05\/la_cile-150x150-1.png",150,150,false],"author_info":{"display_name":"admin","author_link":"https:\/\/llumiverdad.com\/ca\/author\/admin\/"},"comment_info":0,"taxonomy_info":[],"_links":{"self":[{"href":"https:\/\/llumiverdad.com\/ca\/wp-json\/wp\/v2\/pages\/1805"}],"collection":[{"href":"https:\/\/llumiverdad.com\/ca\/wp-json\/wp\/v2\/pages"}],"about":[{"href":"https:\/\/llumiverdad.com\/ca\/wp-json\/wp\/v2\/types\/page"}],"author":[{"embeddable":true,"href":"https:\/\/llumiverdad.com\/ca\/wp-json\/wp\/v2\/users\/1"}],"replies":[{"embeddable":true,"href":"https:\/\/llumiverdad.com\/ca\/wp-json\/wp\/v2\/comments?post=1805"}],"version-history":[{"count":2,"href":"https:\/\/llumiverdad.com\/ca\/wp-json\/wp\/v2\/pages\/1805\/revisions"}],"predecessor-version":[{"id":1812,"href":"https:\/\/llumiverdad.com\/ca\/wp-json\/wp\/v2\/pages\/1805\/revisions\/1812"}],"wp:featuredmedia":[{"embeddable":true,"href":"https:\/\/llumiverdad.com\/ca\/wp-json\/wp\/v2\/media\/766"}],"wp:attachment":[{"href":"https:\/\/llumiverdad.com\/ca\/wp-json\/wp\/v2\/media?parent=1805"}],"curies":[{"name":"wp","href":"https:\/\/api.w.org\/{rel}","templated":true}]}}