{"id":1803,"date":"2022-05-14T20:25:38","date_gmt":"2022-05-14T20:25:38","guid":{"rendered":"https:\/\/llumiverdad.com\/preguntes-frequents\/"},"modified":"2023-09-14T11:32:28","modified_gmt":"2023-09-14T11:32:28","slug":"preguntes-frequents","status":"publish","type":"page","link":"https:\/\/llumiverdad.com\/ca\/preguntes-frequents\/","title":{"rendered":"Preguntes freq\u00fcents"},"content":{"rendered":"<style>.wp-block-kadence-advancedheading.kt-adv-heading_1fcef4-f4, .wp-block-kadence-advancedheading.kt-adv-heading_1fcef4-f4[data-kb-block=\"kb-adv-heading_1fcef4-f4\"]{font-style:normal;}.wp-block-kadence-advancedheading.kt-adv-heading_1fcef4-f4 mark, .wp-block-kadence-advancedheading.kt-adv-heading_1fcef4-f4[data-kb-block=\"kb-adv-heading_1fcef4-f4\"] mark{font-style:normal;color:#f76a0c;padding-top:0px;padding-right:0px;padding-bottom:0px;padding-left:0px;}<\/style>\n<h2 class=\"kt-adv-heading_1fcef4-f4 wp-block-kadence-advancedheading\" data-kb-block=\"kb-adv-heading_1fcef4-f4\"><strong>Qu\u00e8 \u00e9s una l\u00f2gia?<\/strong><\/h2>\n<style>.wp-block-kadence-advancedheading.kt-adv-heading_c792ca-1b, .wp-block-kadence-advancedheading.kt-adv-heading_c792ca-1b[data-kb-block=\"kb-adv-heading_c792ca-1b\"]{font-style:normal;}.wp-block-kadence-advancedheading.kt-adv-heading_c792ca-1b mark, .wp-block-kadence-advancedheading.kt-adv-heading_c792ca-1b[data-kb-block=\"kb-adv-heading_c792ca-1b\"] mark{font-style:normal;color:#f76a0c;padding-top:0px;padding-right:0px;padding-bottom:0px;padding-left:0px;}<\/style>\n<p class=\"kt-adv-heading_c792ca-1b wp-block-kadence-advancedheading\" data-kb-block=\"kb-adv-heading_c792ca-1b\">\u200bUna l\u00f2gia <strong>no \u00e9s m\u00e9s que una assemblea estable<\/strong> que, de mutu acord, estableixen els ma\u00e7ons per al seu treball ma\u00e7\u00f2nic. La l\u00f2gia <strong>\u00e9s l&#8217;\u00e0nima i l&#8217;escola de la Francma\u00e7oneria<\/strong>. \u00c9s aqu\u00ed <strong>on es treballen els rituals<\/strong>, on es progressa en el cam\u00ed ma\u00e7\u00f2nic i on es <strong>forgen els lla\u00e7os de fraternitat<\/strong> entre germans. Una l\u00f2gia t\u00e9 per al seu funcionament un reglament i diferents c\u00e0rrecs, els ocupants dels quals s\u00f3n els encarregats i responsables de fer funcionar la l\u00f2gia en els aspectes vinculats a aquests c\u00e0rrecs. Aix\u00ed doncs, una l\u00f2gia tindr\u00e0 un president, uns vicepresidents, un secretari, un tresorer, etc.<\/p>\n<style>.wp-block-kadence-advancedheading.kt-adv-heading_42f9ca-61, .wp-block-kadence-advancedheading.kt-adv-heading_42f9ca-61[data-kb-block=\"kb-adv-heading_42f9ca-61\"]{font-style:normal;}.wp-block-kadence-advancedheading.kt-adv-heading_42f9ca-61 mark, .wp-block-kadence-advancedheading.kt-adv-heading_42f9ca-61[data-kb-block=\"kb-adv-heading_42f9ca-61\"] mark{font-style:normal;color:#f76a0c;padding-top:0px;padding-right:0px;padding-bottom:0px;padding-left:0px;}<\/style>\n<h2 class=\"kt-adv-heading_42f9ca-61 wp-block-kadence-advancedheading\" data-kb-block=\"kb-adv-heading_42f9ca-61\"><strong>En qu\u00e8 consisteix el treball ma\u00e7\u00f2nic?<\/strong><\/h2>\n\n<p>\u200bEl treball ma\u00e7\u00f2nic <strong>s&#8217;efectua durant les reunions anomenades Tingudes,<\/strong> en un local anomenat Taller o Temple. El treball <strong>es desenvolupa seguint un m\u00e8tode ritual i simb\u00f2lic<\/strong>, les arrels del qual es troben en la tradici\u00f3 ma\u00e7\u00f2nica universal.<\/p>\n\n<p>Durant els treballs, <strong>els membres participen en l&#8217;estudi de temes anuals, socials i simb\u00f2lics<\/strong>, i tots ells poden, despr\u00e9s d&#8217;haver sol\u00b7licitat la paraula, expressar les opinions, amb franquesa i mesura, en total llibertat i confian\u00e7a. S&#8217;hi analitzen totes les opinions e<strong>n un esperit de toler\u00e0ncia i fraternitat<\/strong>. L&#8217;assist\u00e8ncia als treballs en l\u00f2gia \u00e9s indispensable, atesa la import\u00e0ncia de la vida comunit\u00e0ria a les tingudes.<\/p>\n\n<p>Ning\u00fa no pot esdevenir ma\u00e7\u00f3, en el sentit total de la paraula, si no assisteix freq\u00fcentment a les reunions que peri\u00f2dicament es duen a terme als tallers, ja que \u00e9s en l\u00f2gia, <strong>gr\u00e0cies a la participaci\u00f3 en els treballs, a la reflexi\u00f3 ia l&#8217;intercanvi<\/strong>, on t\u00e9 lloc aquest proc\u00e9s. Tot \u00e9sser hum\u00e0, sigui quin sigui l&#8217;origen o el nivell d&#8217;instrucci\u00f3, \u00e9s capa\u00e7 de fer aquest treball sobre si mateix, treball de recerca i reflexi\u00f3.<\/p>\n\n<p>A trav\u00e9s d&#8217;un llenguatge com\u00fa \u2013 el dels s\u00edmbols \u2013, sobre la base d&#8217;una cultura compartida \u2013 la de la tradici\u00f3 \u2013 i recolzant-se sobre el ritual, <strong>els francma\u00e7ons aconsegueixen una plena capacitat d&#8217;escoltar un altre<\/strong>, aix\u00ed com una qualitat en el di\u00e0leg que afavoreix lintercanvi didees i prepara el futur.<\/p>\n\n<figure class=\"wp-block-kadence-image kb-image_17e4f9-57 size-large kb-image-is-ratio-size\"><a href=\"https:\/\/llumiverdad.com\/wp-content\/uploads\/2022\/05\/pexels-pixabay-161702.jpg\" class=\"kb-advanced-image-link\"><div class=\"kb-is-ratio-image kb-image-ratio-land43\"><img decoding=\"async\" loading=\"lazy\" width=\"1024\" height=\"682\" src=\"https:\/\/llumiverdad.com\/wp-content\/uploads\/2022\/05\/pexels-pixabay-161702-1024x682.jpg\" alt=\"\" class=\"kb-img wp-image-424\" srcset=\"https:\/\/llumiverdad.com\/wp-content\/uploads\/2022\/05\/pexels-pixabay-161702-1024x682.jpg 1024w, https:\/\/llumiverdad.com\/wp-content\/uploads\/2022\/05\/pexels-pixabay-161702-300x200.jpg 300w, https:\/\/llumiverdad.com\/wp-content\/uploads\/2022\/05\/pexels-pixabay-161702-768x512.jpg 768w, https:\/\/llumiverdad.com\/wp-content\/uploads\/2022\/05\/pexels-pixabay-161702-1536x1024.jpg 1536w, https:\/\/llumiverdad.com\/wp-content\/uploads\/2022\/05\/pexels-pixabay-161702.jpg 2000w\" sizes=\"(max-width: 1024px) 100vw, 1024px\" \/><\/div><\/a><\/figure>\n<style>.wp-block-kadence-advancedheading.kt-adv-heading_c8fe04-00, .wp-block-kadence-advancedheading.kt-adv-heading_c8fe04-00[data-kb-block=\"kb-adv-heading_c8fe04-00\"]{font-style:normal;}.wp-block-kadence-advancedheading.kt-adv-heading_c8fe04-00 mark, .wp-block-kadence-advancedheading.kt-adv-heading_c8fe04-00[data-kb-block=\"kb-adv-heading_c8fe04-00\"] mark{font-style:normal;color:#f76a0c;padding-top:0px;padding-right:0px;padding-bottom:0px;padding-left:0px;}<\/style>\n<h2 class=\"kt-adv-heading_c8fe04-00 wp-block-kadence-advancedheading\" data-kb-block=\"kb-adv-heading_c8fe04-00\"><strong>Qu\u00e8 entenen els francma\u00e7ons per fraternitat?<\/strong><\/h2>\n\n<p>\u200bLa fraternitat, com l&#8217;entenen els francma\u00e7ons, <strong>\u00e9s el vincle de pau i harmonia<\/strong> que s&#8217;estableix entre tots ells. A m\u00e9s, la fraternitat <strong>implica l&#8217;obligaci\u00f3 d&#8217;ajuda m\u00fatua<\/strong> en cas de necessitat, amb el l\u00edmit clar del respecte a les lleis leg\u00edtimes i a l&#8217;\u00e8tica.<\/p>\n\n<p>Aix\u00ed doncs, no \u00e9s cert que un francma\u00e7\u00f3 estigui obligat a donar suport sempre ni a procurar ascens social o laboral d&#8217;altres ma\u00e7ons? Mai si suposa infringir la llei o actuar de manera enfrontada amb l&#8217;\u00e8tica.<\/p>\n<style>.wp-block-kadence-advancedheading.kt-adv-heading_8fc507-e1, .wp-block-kadence-advancedheading.kt-adv-heading_8fc507-e1[data-kb-block=\"kb-adv-heading_8fc507-e1\"]{font-style:normal;}.wp-block-kadence-advancedheading.kt-adv-heading_8fc507-e1 mark, .wp-block-kadence-advancedheading.kt-adv-heading_8fc507-e1[data-kb-block=\"kb-adv-heading_8fc507-e1\"] mark{font-style:normal;color:#f76a0c;padding-top:0px;padding-right:0px;padding-bottom:0px;padding-left:0px;}<\/style>\n<h2 class=\"kt-adv-heading_8fc507-e1 wp-block-kadence-advancedheading\" data-kb-block=\"kb-adv-heading_8fc507-e1\"><strong>\u00c9s la Francma\u00e7oneria una secta?<\/strong><\/h2>\n\n<p>En primer lloc, caldria definir qu\u00e8 \u00e9s una secta, at\u00e8s que \u00e9s un terme del qual se sol abusar. Si el terme fa refer\u00e8ncia al sentit original i neutral de subgrup dissident dins d&#8217;una religi\u00f3, la Francma\u00e7oneria no \u00e9s una secta, <strong>ja que no forma part de cap religi\u00f3, ni ella mateixa \u00e9s una religi\u00f3<\/strong>.<\/p>\n\n<p>Si el terme \u201csecta\u201d s&#8217;utilitza en el sentit despectiu de grup religi\u00f3s o no, amb un fort lideratge carism\u00e0tic, que sotmet i regula tots els aspectes de la vida dels seus membres, <strong>qualificar la Ma\u00e7oneria com a secta \u00e9s un exercici de cinisme dol\u00f3s o d&#8217;ignor\u00e0ncia culpable.<\/strong> Al nostre taller no pot existir cap tipus de lideratge totalitari ja que totes les decisions es prenen de manera absolutament democr\u00e0tica i amb total transpar\u00e8ncia per a tots els seus membres i, <strong>per descomptat, ni sotmet ni regula els aspectes de la vida dels seus membres<\/strong>, no m\u00e9s enll\u00e0 dels seus principis \u00e8tics gen\u00e8rics com ara la toler\u00e0ncia, l&#8217;honradesa\u2026 Principis compartits per tota societat democr\u00e0tica.<\/p>\n\n<figure class=\"wp-block-kadence-image kb-image_1c32bb-60 size-full kb-image-is-ratio-size\"><a href=\"https:\/\/llumiverdad.com\/wp-content\/uploads\/2022\/05\/pexels-photo-1537582.jpeg\" class=\"kb-advanced-image-link\"><div class=\"kb-is-ratio-image kb-image-ratio-land43\"><img decoding=\"async\" loading=\"lazy\" width=\"498\" height=\"750\" src=\"https:\/\/llumiverdad.com\/wp-content\/uploads\/2022\/05\/pexels-photo-1537582.jpeg\" alt=\"\" class=\"kb-img wp-image-419\" srcset=\"https:\/\/llumiverdad.com\/wp-content\/uploads\/2022\/05\/pexels-photo-1537582.jpeg 498w, https:\/\/llumiverdad.com\/wp-content\/uploads\/2022\/05\/pexels-photo-1537582-199x300.jpeg 199w\" sizes=\"(max-width: 498px) 100vw, 498px\" \/><\/div><\/a><\/figure>\n<style>.wp-block-kadence-advancedheading.kt-adv-heading_db7d59-1b, .wp-block-kadence-advancedheading.kt-adv-heading_db7d59-1b[data-kb-block=\"kb-adv-heading_db7d59-1b\"]{font-style:normal;}.wp-block-kadence-advancedheading.kt-adv-heading_db7d59-1b mark, .wp-block-kadence-advancedheading.kt-adv-heading_db7d59-1b[data-kb-block=\"kb-adv-heading_db7d59-1b\"] mark{font-style:normal;color:#f76a0c;padding-top:0px;padding-right:0px;padding-bottom:0px;padding-left:0px;}<\/style>\n<h2 class=\"kt-adv-heading_db7d59-1b wp-block-kadence-advancedheading\" data-kb-block=\"kb-adv-heading_db7d59-1b\"><strong>\u00c9s la Francma\u00e7oneria una societat secreta?<\/strong><\/h2>\n\n<p>Parlant de manera estricta, no ho \u00e9s. <strong>La Francma\u00e7oneria \u00e9s una societat discreta<\/strong>. Aix\u00f2 \u00e9s, el treball ma\u00e7\u00f2nic es realitza principalment entre els seus membres i dins dels seus tallers, <strong>per la qual cosa la seva projecci\u00f3 exterior \u00e9s poc notable<\/strong>. La seva tasca exterior es basa en l&#8217;actuaci\u00f3 dels seus membres, que apliquen als seus \u00e0mbits social i personal els valors apresos a les l\u00f2gies. A m\u00e9s, <strong>\u00e9s cert que la Francma\u00e7oneria t\u00e9 secrets<\/strong>, com tamb\u00e9 els tenen un altre tipus d&#8217;institucions com ara bancs, partits pol\u00edtics o clubs de futbol, \u200b\u200bcosa que no els converteix en societats secretes. Fonamentalment, el secret ma\u00e7\u00f2nic afecta les formes de reconeixement entre els ma\u00e7ons i els seus rituals.<\/p>\n\n<figure class=\"wp-block-kadence-image kb-image_53b9a4-84 size-full kb-image-is-ratio-size\"><a href=\"https:\/\/llumiverdad.com\/wp-content\/uploads\/2022\/05\/pexels-photo-4937197.jpeg\" class=\"kb-advanced-image-link\"><div class=\"kb-is-ratio-image kb-image-ratio-land43\"><img decoding=\"async\" loading=\"lazy\" width=\"500\" height=\"333\" src=\"https:\/\/llumiverdad.com\/wp-content\/uploads\/2022\/05\/pexels-photo-4937197.jpeg\" alt=\"\" class=\"kb-img wp-image-420\" srcset=\"https:\/\/llumiverdad.com\/wp-content\/uploads\/2022\/05\/pexels-photo-4937197.jpeg 500w, https:\/\/llumiverdad.com\/wp-content\/uploads\/2022\/05\/pexels-photo-4937197-300x200.jpeg 300w\" sizes=\"(max-width: 500px) 100vw, 500px\" \/><\/div><\/a><\/figure>\n<style>.wp-block-kadence-advancedheading.kt-adv-heading_137c86-76, .wp-block-kadence-advancedheading.kt-adv-heading_137c86-76[data-kb-block=\"kb-adv-heading_137c86-76\"]{font-style:normal;}.wp-block-kadence-advancedheading.kt-adv-heading_137c86-76 mark, .wp-block-kadence-advancedheading.kt-adv-heading_137c86-76[data-kb-block=\"kb-adv-heading_137c86-76\"] mark{font-style:normal;color:#f76a0c;padding-top:0px;padding-right:0px;padding-bottom:0px;padding-left:0px;}<\/style>\n<h2 class=\"kt-adv-heading_137c86-76 wp-block-kadence-advancedheading\" data-kb-block=\"kb-adv-heading_137c86-76\"><strong>\u00c9s la Francma\u00e7oneria una religi\u00f3?<\/strong><\/h2>\n\n<p>No, la Francma\u00e7oneria <strong>no \u00e9s en cap sentit una religi\u00f3 ni un substitut d&#8217;aquesta<\/strong>. La Francma\u00e7oneria ni pret\u00e9n canviar la religi\u00f3 d&#8217;aquell que truca a les portes d&#8217;una l\u00f2gia ni substituir-la per cap mena de pensament o ideologia que hipot\u00e8ticament pogu\u00e9s representar.<\/p>\n<style>.wp-block-kadence-advancedheading.kt-adv-heading_dd180d-0a, .wp-block-kadence-advancedheading.kt-adv-heading_dd180d-0a[data-kb-block=\"kb-adv-heading_dd180d-0a\"]{font-style:normal;}.wp-block-kadence-advancedheading.kt-adv-heading_dd180d-0a mark, .wp-block-kadence-advancedheading.kt-adv-heading_dd180d-0a[data-kb-block=\"kb-adv-heading_dd180d-0a\"] mark{font-style:normal;color:#f76a0c;padding-top:0px;padding-right:0px;padding-bottom:0px;padding-left:0px;}<\/style>\n<h2 class=\"kt-adv-heading_dd180d-0a wp-block-kadence-advancedheading\" data-kb-block=\"kb-adv-heading_dd180d-0a\"><strong>\u00c9s la Francma\u00e7oneria atea?<\/strong><\/h2>\n\n<p>No, no ho \u00e9s. <strong>Cada ma\u00e7\u00f3 \u00e9s lliure de creure en un d\u00e9u o no creure en cap<\/strong>, professar una religi\u00f3 o no, el que no es fa \u00e9s adorar, ni tenir present cap divinitat dins dels seus tallers. D&#8217;aquesta manera, la religi\u00f3 i les creences religioses passen a ser una cosa estrictament particular de cada membre.<\/p>\n\n<figure class=\"wp-block-kadence-image kb-image_46b999-8b size-full kb-image-is-ratio-size\"><a href=\"https:\/\/llumiverdad.com\/wp-content\/uploads\/2022\/05\/pexels-photo-5682315.jpeg\" class=\"kb-advanced-image-link\"><div class=\"kb-is-ratio-image kb-image-ratio-land43\"><img decoding=\"async\" loading=\"lazy\" width=\"500\" height=\"750\" src=\"https:\/\/llumiverdad.com\/wp-content\/uploads\/2022\/05\/pexels-photo-5682315.jpeg\" alt=\"\" class=\"kb-img wp-image-422\" srcset=\"https:\/\/llumiverdad.com\/wp-content\/uploads\/2022\/05\/pexels-photo-5682315.jpeg 500w, https:\/\/llumiverdad.com\/wp-content\/uploads\/2022\/05\/pexels-photo-5682315-200x300.jpeg 200w\" sizes=\"(max-width: 500px) 100vw, 500px\" \/><\/div><\/a><\/figure>\n<style>.wp-block-kadence-advancedheading.kt-adv-heading_d776ae-29, .wp-block-kadence-advancedheading.kt-adv-heading_d776ae-29[data-kb-block=\"kb-adv-heading_d776ae-29\"]{font-style:normal;}.wp-block-kadence-advancedheading.kt-adv-heading_d776ae-29 mark, .wp-block-kadence-advancedheading.kt-adv-heading_d776ae-29[data-kb-block=\"kb-adv-heading_d776ae-29\"] mark{font-style:normal;color:#f76a0c;padding-top:0px;padding-right:0px;padding-bottom:0px;padding-left:0px;}<\/style>\n<h2 class=\"kt-adv-heading_d776ae-29 wp-block-kadence-advancedheading\" data-kb-block=\"kb-adv-heading_d776ae-29\"><strong>T\u00e9 res a veure amb l&#8217;ocultisme o el satanisme?<\/strong><\/h2>\n\n<p>\u200bTampoc. La Francma\u00e7oneria <strong>no t\u00e9 res a veure amb el satanisme<\/strong>, malgrat que alguns estiguin obstinats a creure la farsa organitzada per alguns durant els segles passats. <strong>Pel que fa a l&#8217;ocultisme, la Francma\u00e7oneria no t\u00e9 res a veure amb aix\u00f2<\/strong>. \u00c9s cert no obstant que, durant el segle XVIII, segle de la Il\u00b7lustraci\u00f3, per\u00f2 tamb\u00e9 de fantasies alqu\u00edmiques i esot\u00e8riques, a la Francma\u00e7oneria es van introduir aquestes idees per persones atretes per l&#8217;halo misteri\u00f3s del \u201cSecret de la Francma\u00e7oneria\u201d.<\/p>\n\n<p>Avui dia, la perviv\u00e8ncia de tot aquest entramat fantasi\u00f3s \u00e9s pr\u00e0cticament nul, encara que encara perdura en certs motius rituals i especialment en una terminologia pseudoesot\u00e8rica utilitzada per alguns francma\u00e7ons, desprove\u00efda de tot contingut real. A m\u00e9s, com ja hem dit, la Francma\u00e7oneria no \u00e9s cap religi\u00f3 i l&#8217;ocultisme i l&#8217;esoterisme s\u00f3n, gaireb\u00e9 sempre, formes religioses.<\/p>\n<style>.wp-block-kadence-advancedheading.kt-adv-heading_9089e2-1c, .wp-block-kadence-advancedheading.kt-adv-heading_9089e2-1c[data-kb-block=\"kb-adv-heading_9089e2-1c\"]{font-style:normal;}.wp-block-kadence-advancedheading.kt-adv-heading_9089e2-1c mark, .wp-block-kadence-advancedheading.kt-adv-heading_9089e2-1c[data-kb-block=\"kb-adv-heading_9089e2-1c\"] mark{font-style:normal;color:#f76a0c;padding-top:0px;padding-right:0px;padding-bottom:0px;padding-left:0px;}<\/style>\n<h2 class=\"kt-adv-heading_9089e2-1c wp-block-kadence-advancedheading\" data-kb-block=\"kb-adv-heading_9089e2-1c\"><strong>No \u00e9s aleshores la Francma\u00e7oneria una societat inici\u00e0tica?<\/strong><\/h2>\n\n<p>\u200bS\u00ed i no. Si entenem per societat inici\u00e0tica una societat <strong>on per entrar cal passar per cert ritual<\/strong>, que incorpori a m\u00e9s graons de progr\u00e9s pels quals els seus membres van passant i <strong>que contenen cert ensenyament<\/strong>, llavors s\u00ed que ho \u00e9s.<\/p>\n\n<p>Si s&#8217;ent\u00e9n per societat inici\u00e0tica una societat que preserva o t\u00e9 una \u201csaviesa oculta\u201d, que transmet una \u201cTradici\u00f3 Primordial\u201d, o que imparteix a trav\u00e9s dels seus rituals un cert carisma, o certa virtut o un poder, decididament no. <strong>La Francma\u00e7oneria no preserva cap saber especial, ocult, \u201ctradici\u00f3 primordial\u201d ni cap altre tipus de poder.<\/strong><\/p>\n<style>.wp-block-kadence-advancedheading.kt-adv-heading_4aa107-7d, .wp-block-kadence-advancedheading.kt-adv-heading_4aa107-7d[data-kb-block=\"kb-adv-heading_4aa107-7d\"]{font-style:normal;}.wp-block-kadence-advancedheading.kt-adv-heading_4aa107-7d mark, .wp-block-kadence-advancedheading.kt-adv-heading_4aa107-7d[data-kb-block=\"kb-adv-heading_4aa107-7d\"] mark{font-style:normal;color:#f76a0c;padding-top:0px;padding-right:0px;padding-bottom:0px;padding-left:0px;}<\/style>\n<h2 class=\"kt-adv-heading_4aa107-7d wp-block-kadence-advancedheading\" data-kb-block=\"kb-adv-heading_4aa107-7d\"><strong>I quin \u00e9s l&#8217;objectiu pol\u00edtic de la Francma\u00e7oneria?<\/strong><\/h2>\n\n<p>\u200bEstem davant un altre t\u00f2pic. La Francma\u00e7oneria<strong> no t\u00e9 cap objectiu pol\u00edtic ni actuacions pol\u00edtiques. Cosa que no impedeix que els seus membres tinguin vida pol\u00edtica<\/strong> (com ha estat el cas hist\u00f2ricament). Tot i aix\u00f2, per poc que es coneguin, \u00e9s sabut que les activitats pol\u00edtiques dutes a terme per ma\u00e7ons han representat un ampli espectre pol\u00edtic, que abasta des de posicions conservadores fins a posicions d&#8217;esquerra, cosa que impossibilita pensar en una m\u00e0 rectora darrere seu. .<\/p>\n<style>.wp-block-kadence-advancedheading.kt-adv-heading_95e600-47, .wp-block-kadence-advancedheading.kt-adv-heading_95e600-47[data-kb-block=\"kb-adv-heading_95e600-47\"]{font-style:normal;}.wp-block-kadence-advancedheading.kt-adv-heading_95e600-47 mark, .wp-block-kadence-advancedheading.kt-adv-heading_95e600-47[data-kb-block=\"kb-adv-heading_95e600-47\"] mark{font-style:normal;color:#f76a0c;padding-top:0px;padding-right:0px;padding-bottom:0px;padding-left:0px;}<\/style>\n<h2 class=\"kt-adv-heading_95e600-47 wp-block-kadence-advancedheading\" data-kb-block=\"kb-adv-heading_95e600-47\"><strong>Qu\u00e8 s\u00f3n els graus ma\u00e7\u00f2nics?<\/strong><\/h2>\n\n<p>A Francma\u00e7oneria els membres estan dividits per graus o, dit altrament, de <strong>diferents nivells de progr\u00e9s i comprom\u00eds, obligacions i drets<\/strong>. Catal\u00e1n Cada grau se sol distingir de la resta per un determinat ritual, per uns signes de reconeixement i per una lli\u00e7\u00f3 moral espec\u00edfica a cadasc\u00fa.<\/p>\n<style>.kb-image_42e277-45.kb-image-is-ratio-size, .kb-image_42e277-45 .kb-image-is-ratio-size{max-width:965px;width:100%;}.kb-image_42e277-45{max-width:965px;}.image-is-svg.kb-image_42e277-45{flex:0 1 100%;-webkit-flex:0 1 100%;}.image-is-svg.kb-image_42e277-45 img{width:100%;}<\/style>\n<figure class=\"wp-block-kadence-image kb-image_42e277-45 size-full kb-image-is-ratio-size\"><a href=\"https:\/\/llumiverdad.com\/wp-content\/uploads\/2022\/05\/pexels-photo-5614742.jpeg\" class=\"kb-advanced-image-link\"><div class=\"kb-is-ratio-image kb-image-ratio-land43\"><img decoding=\"async\" loading=\"lazy\" width=\"500\" height=\"666\" src=\"https:\/\/llumiverdad.com\/wp-content\/uploads\/2022\/05\/pexels-photo-5614742.jpeg\" alt=\"\" class=\"kb-img wp-image-421\" srcset=\"https:\/\/llumiverdad.com\/wp-content\/uploads\/2022\/05\/pexels-photo-5614742.jpeg 500w, https:\/\/llumiverdad.com\/wp-content\/uploads\/2022\/05\/pexels-photo-5614742-225x300.jpeg 225w\" sizes=\"(max-width: 500px) 100vw, 500px\" \/><\/div><\/a><\/figure>\n<style>.wp-block-kadence-advancedheading.kt-adv-heading_232a71-1d, .wp-block-kadence-advancedheading.kt-adv-heading_232a71-1d[data-kb-block=\"kb-adv-heading_232a71-1d\"]{font-style:normal;}.wp-block-kadence-advancedheading.kt-adv-heading_232a71-1d mark, .wp-block-kadence-advancedheading.kt-adv-heading_232a71-1d[data-kb-block=\"kb-adv-heading_232a71-1d\"] mark{font-style:normal;color:#f76a0c;padding-top:0px;padding-right:0px;padding-bottom:0px;padding-left:0px;}<\/style>\n<h2 class=\"kt-adv-heading_232a71-1d wp-block-kadence-advancedheading\" data-kb-block=\"kb-adv-heading_232a71-1d\"><strong>Quants graus hi ha?<\/strong><\/h2>\n\n<p>\u200bL&#8217;antiga i pura Francma\u00e7oneria nom\u00e9s reconeix <strong>tres graus: Aprenent, Company i Mestre Ma\u00e7\u00f3<\/strong>. Amb el temps, i motivat en gran part per la confusi\u00f3 que es va introduir a l&#8217;expansi\u00f3 pel continent europeu al segle XVIII, van apar\u00e8ixer nous graus o nous sistemes de graus que pretenien ser la culminaci\u00f3 del cam\u00ed empr\u00e8s pel francma\u00e7\u00f3 despr\u00e9s de la seva entrada en l\u00f2gia com a aprenent. Molts d&#8217;aquests sistemes encara subsisteixen actualment. Per aix\u00f2 es poden llegir o sentir coses com \u201cgrau 33\u201d o \u201cgrau 18\u201d, que pertanyen a sistemes d&#8217;aparici\u00f3 tardana a la Francma\u00e7oneria.<\/p>\n\n<p>\u200b<\/p>\n","protected":false},"excerpt":{"rendered":"<p>Qu\u00e8 \u00e9s una l\u00f2gia? \u200bUna l\u00f2gia no \u00e9s m\u00e9s que una assemblea estable que, de mutu acord, estableixen els ma\u00e7ons per al seu treball ma\u00e7\u00f2nic. La l\u00f2gia \u00e9s l&#8217;\u00e0nima i l&#8217;escola de la Francma\u00e7oneria. \u00c9s aqu\u00ed on es treballen els rituals, on es progressa en el cam\u00ed ma\u00e7\u00f2nic i on es forgen els lla\u00e7os de&#8230;<\/p>\n","protected":false},"author":1,"featured_media":742,"parent":0,"menu_order":0,"comment_status":"closed","ping_status":"closed","template":"","meta":{"_kad_blocks_custom_css":"","_kad_blocks_head_custom_js":"","_kad_blocks_body_custom_js":"","_kad_blocks_footer_custom_js":"","_kad_post_transparent":"","_kad_post_title":"","_kad_post_layout":"","_kad_post_sidebar_id":"","_kad_post_content_style":"","_kad_post_vertical_padding":"","_kad_post_feature":"","_kad_post_feature_position":"","_kad_post_header":false,"_kad_post_footer":false},"featured_image_src_large":["https:\/\/llumiverdad.com\/wp-content\/uploads\/2022\/05\/pexels-photo-6484381.jpeg",499,750,false],"author_info":{"display_name":"admin","author_link":"https:\/\/llumiverdad.com\/ca\/author\/admin\/"},"comment_info":0,"taxonomy_info":[],"_links":{"self":[{"href":"https:\/\/llumiverdad.com\/ca\/wp-json\/wp\/v2\/pages\/1803"}],"collection":[{"href":"https:\/\/llumiverdad.com\/ca\/wp-json\/wp\/v2\/pages"}],"about":[{"href":"https:\/\/llumiverdad.com\/ca\/wp-json\/wp\/v2\/types\/page"}],"author":[{"embeddable":true,"href":"https:\/\/llumiverdad.com\/ca\/wp-json\/wp\/v2\/users\/1"}],"replies":[{"embeddable":true,"href":"https:\/\/llumiverdad.com\/ca\/wp-json\/wp\/v2\/comments?post=1803"}],"version-history":[{"count":1,"href":"https:\/\/llumiverdad.com\/ca\/wp-json\/wp\/v2\/pages\/1803\/revisions"}],"predecessor-version":[{"id":1804,"href":"https:\/\/llumiverdad.com\/ca\/wp-json\/wp\/v2\/pages\/1803\/revisions\/1804"}],"wp:featuredmedia":[{"embeddable":true,"href":"https:\/\/llumiverdad.com\/ca\/wp-json\/wp\/v2\/media\/742"}],"wp:attachment":[{"href":"https:\/\/llumiverdad.com\/ca\/wp-json\/wp\/v2\/media?parent=1803"}],"curies":[{"name":"wp","href":"https:\/\/api.w.org\/{rel}","templated":true}]}}