{"id":1799,"date":"2017-10-20T12:57:11","date_gmt":"2017-10-20T12:57:11","guid":{"rendered":"https:\/\/llumiverdad.com\/qui-som\/"},"modified":"2023-09-14T11:12:09","modified_gmt":"2023-09-14T11:12:09","slug":"qui-som","status":"publish","type":"page","link":"https:\/\/llumiverdad.com\/ca\/qui-som\/","title":{"rendered":"Qui som"},"content":{"rendered":"<style>.wp-block-kadence-advancedheading.kt-adv-heading_7c9316-1a, .wp-block-kadence-advancedheading.kt-adv-heading_7c9316-1a[data-kb-block=\"kb-adv-heading_7c9316-1a\"]{font-style:normal;font-family:\"Arial Black\", Gadget, sans-serif;}.wp-block-kadence-advancedheading.kt-adv-heading_7c9316-1a mark, .wp-block-kadence-advancedheading.kt-adv-heading_7c9316-1a[data-kb-block=\"kb-adv-heading_7c9316-1a\"] mark{font-style:normal;color:#f76a0c;padding-top:0px;padding-right:0px;padding-bottom:0px;padding-left:0px;}<\/style>\n<h2 class=\"kt-adv-heading_7c9316-1a wp-block-kadence-advancedheading\" data-kb-block=\"kb-adv-heading_7c9316-1a\">&#8220;Ning\u00fa \u00e9s una altra cosa que el que fa&#8221;<\/h2>\n\n<p>La Respectable L\u00f2gia Llum y Verdad va aixecar columnes a la ciutat de <a rel=\"noreferrer noopener\" href=\"https:\/\/es.wikipedia.org\/wiki\/Barcelona\" target=\"_blank\">Barcelona<\/a> el dia 14 d&#8217;abril del 2018 amb la participaci\u00f3 de ma\u00e7ons d&#8217;Espanya, Fran\u00e7a, B\u00e8lgica i Brasil.<\/p>\n<style>#kt-layout-id_a69cc4-a5 > .kt-row-column-wrap{align-content:start;}:where(#kt-layout-id_a69cc4-a5 > .kt-row-column-wrap) > .wp-block-kadence-column{justify-content:start;}#kt-layout-id_a69cc4-a5 > .kt-row-column-wrap{column-gap:var(--global-kb-gap-md, 2rem);row-gap:var(--global-kb-gap-md, 2rem);padding-top:25px;padding-bottom:25px;padding-top:var(--global-kb-spacing-sm, 1.5rem);padding-bottom:var(--global-kb-spacing-sm, 1.5rem);grid-template-columns:minmax(0, 60%) minmax(0, 40%);}#kt-layout-id_a69cc4-a5 > .kt-row-layout-overlay{opacity:0.30;}@media all and (max-width: 1024px){#kt-layout-id_a69cc4-a5 > .kt-row-column-wrap{grid-template-columns:repeat(2, minmax(0, 1fr));}}@media all and (max-width: 767px){#kt-layout-id_a69cc4-a5 > .kt-row-column-wrap{grid-template-columns:minmax(0, 1fr);}}<\/style>\n<div class=\"wp-block-kadence-rowlayout alignnone\"><div id=\"kt-layout-id_a69cc4-a5\" class=\"kt-row-layout-inner kt-layout-id_a69cc4-a5\"><div class=\"kt-row-column-wrap kt-has-2-columns kt-gutter-default kt-v-gutter-default kt-row-valign-top kt-row-layout-right-golden kt-tab-layout-inherit kt-m-colapse-left-to-right kt-mobile-layout-row  kt-custom-first-width-60  kt-custom-second-width-40\"><style>.kadence-column_2507a3-c4 > .kt-inside-inner-col{border-top-width:0px;border-right-width:0px;border-bottom-width:0px;border-left-width:0px;}.kadence-column_2507a3-c4 > .kt-inside-inner-col,.kadence-column_2507a3-c4 > .kt-inside-inner-col:before{border-top-left-radius:0px;border-top-right-radius:0px;border-bottom-right-radius:0px;border-bottom-left-radius:0px;}.kadence-column_2507a3-c4 > .kt-inside-inner-col:before{opacity:0.3;}.kadence-column_2507a3-c4{position:relative;}<\/style>\n<div class=\"wp-block-kadence-column inner-column-1 kadence-column_2507a3-c4\"><div class=\"kt-inside-inner-col\">\n<p>Des d&#8217;un primer moment i invariablement sota el nostre lema de <strong>Llibertat, Igualtat i Fraternitat<\/strong> els treballs que realitzem a la nostra l\u00f2gia, sempre, es plantegen des del respecte m\u00e9s absolut a la diversitat de pensament i tenen com a \u00fanica finalitat el creixement personal de cadascun de nosaltres per aix\u00ed poder <strong>contribuir al progr\u00e9s de la humanitat<\/strong>.<\/p>\n\n\n\n<p>Som una realitat que ha perm\u00e8s posar a l&#8217;abast de la societat catalana <strong>una ma\u00e7oneria lliberal<\/strong>, <strong>no dogm\u00e0tica<\/strong>, <strong>mixta i internacionalista<\/strong>.<\/p>\n\n\n\n<p>Som un grup de persones que <strong>mantenim estretes i s\u00f2lides relacions amb diferents l\u00f2gies<\/strong> a nivell nacional i internacional, fins i tot mantenim bones i obertes relacions amb persones i l\u00f2gies d&#8217;altres Obedi\u00e8ncies.<\/p>\n\n\n\n<p>Els membres d&#8217;aquest taller venim de diverses Ordres o Obedi\u00e8ncies existents avui dia, i <strong>volem edificar una Ma\u00e7oneria<\/strong> que sigui veritablement constructiva, participativa i que, fet i fet, empoderi els seus membres.<\/p>\n<\/div><\/div>\n\n\n<style>.kadence-column_ea5153-e1 > .kt-inside-inner-col{border-top-width:0px;border-right-width:0px;border-bottom-width:0px;border-left-width:0px;}.kadence-column_ea5153-e1 > .kt-inside-inner-col,.kadence-column_ea5153-e1 > .kt-inside-inner-col:before{border-top-left-radius:0px;border-top-right-radius:0px;border-bottom-right-radius:0px;border-bottom-left-radius:0px;}.kadence-column_ea5153-e1 > .kt-inside-inner-col{justify-content:flex-start;flex-direction:column;display:flex;}.kadence-column_ea5153-e1 > .kt-inside-inner-col > .aligncenter{width:100%;}.kt-row-column-wrap > .kadence-column_ea5153-e1{align-self:flex-start;}.kt-inner-column-height-full:not(.kt-has-1-columns) > .wp-block-kadence-column.kadence-column_ea5153-e1{align-self:auto;}.kt-inner-column-height-full:not(.kt-has-1-columns) > .wp-block-kadence-column.kadence-column_ea5153-e1 > .kt-inside-inner-col{display:flex;flex-direction:column;justify-content:flex-start;}.kadence-column_ea5153-e1 > .kt-inside-inner-col:before{opacity:0.3;}.kadence-column_ea5153-e1{position:relative;}<\/style>\n<div class=\"wp-block-kadence-column inner-column-2 kadence-column_ea5153-e1\"><div class=\"kt-inside-inner-col\"><style>.kb-image_6c39c2-b4.kb-image-is-ratio-size, .kb-image_6c39c2-b4 .kb-image-is-ratio-size{max-width:-471px;width:100%;}.kb-image_6c39c2-b4{max-width:-471px;}.image-is-svg.kb-image_6c39c2-b4{flex:0 1 100%;-webkit-flex:0 1 100%;}.image-is-svg.kb-image_6c39c2-b4 img{width:100%;}<\/style>\n<figure class=\"wp-block-kadence-image kb-image_6c39c2-b4 size-full kb-image-is-ratio-size\"><a href=\"https:\/\/llumiverdad.com\/wp-content\/uploads\/2022\/05\/pexels-photo-6484381.jpeg\" class=\"kb-advanced-image-link\"><div class=\"kb-is-ratio-image kb-image-ratio-port34\"><img decoding=\"async\" loading=\"lazy\" width=\"499\" height=\"750\" src=\"https:\/\/llumiverdad.com\/wp-content\/uploads\/2022\/05\/pexels-photo-6484381.jpeg\" alt=\"\" class=\"kb-img wp-image-423\" srcset=\"https:\/\/llumiverdad.com\/wp-content\/uploads\/2022\/05\/pexels-photo-6484381.jpeg 499w, https:\/\/llumiverdad.com\/wp-content\/uploads\/2022\/05\/pexels-photo-6484381-200x300.jpeg 200w\" sizes=\"(max-width: 499px) 100vw, 499px\" \/><\/div><\/a><\/figure>\n<\/div><\/div>\n<\/div><\/div><\/div>\n\n<p>Pertanyem a la <a rel=\"noreferrer noopener\" href=\"https:\/\/lacile.com\/\" target=\"_blank\">Confederaci\u00f3 Internacional de L\u00f2gies Escoceses (C.\u00b7.I.\u00b7.L.\u00b7.\u00c9.\u00b7.)<\/a> i, at\u00e8s que som una Obedi\u00e8ncia de recent creaci\u00f3, de moment, els tallers d&#8217;aquesta Obedi\u00e8ncia, ja siguin blaus o practicants dels graus d&#8217;aprofundiment, estan ubicats a Espanya i Fran\u00e7a.<\/p>\n<style>#kt-layout-id_19c861-b1 > .kt-row-column-wrap{align-content:start;}:where(#kt-layout-id_19c861-b1 > .kt-row-column-wrap) > .wp-block-kadence-column{justify-content:start;}#kt-layout-id_19c861-b1 > .kt-row-column-wrap{column-gap:var(--global-kb-gap-md, 2rem);row-gap:var(--global-kb-gap-md, 2rem);padding-top:25px;padding-bottom:25px;padding-top:var(--global-kb-spacing-sm, 1.5rem);padding-bottom:var(--global-kb-spacing-sm, 1.5rem);grid-template-columns:minmax(0, 40%) minmax(0, 60%);}#kt-layout-id_19c861-b1 > .kt-row-layout-overlay{opacity:0.30;}@media all and (max-width: 1024px){#kt-layout-id_19c861-b1 > .kt-row-column-wrap{grid-template-columns:repeat(2, minmax(0, 1fr));}}@media all and (max-width: 767px){#kt-layout-id_19c861-b1 > .kt-row-column-wrap{grid-template-columns:minmax(0, 1fr);}}<\/style>\n<div class=\"wp-block-kadence-rowlayout alignnone\"><div id=\"kt-layout-id_19c861-b1\" class=\"kt-row-layout-inner kt-layout-id_19c861-b1\"><div class=\"kt-row-column-wrap kt-has-2-columns kt-gutter-default kt-v-gutter-default kt-row-valign-top kt-row-layout-right-golden kt-tab-layout-inherit kt-m-colapse-left-to-right kt-mobile-layout-row  kt-custom-first-width-40  kt-custom-second-width-60\"><style>.kadence-column_7a47cb-3e > .kt-inside-inner-col{border-top-width:0px;border-right-width:0px;border-bottom-width:0px;border-left-width:0px;}.kadence-column_7a47cb-3e > .kt-inside-inner-col,.kadence-column_7a47cb-3e > .kt-inside-inner-col:before{border-top-left-radius:0px;border-top-right-radius:0px;border-bottom-right-radius:0px;border-bottom-left-radius:0px;}.kadence-column_7a47cb-3e > .kt-inside-inner-col:before{opacity:0.3;}.kadence-column_7a47cb-3e{position:relative;}<\/style>\n<div class=\"wp-block-kadence-column inner-column-1 kadence-column_7a47cb-3e\"><div class=\"kt-inside-inner-col\"><style>.kb-image_e0128c-0d.kb-image-is-ratio-size, .kb-image_e0128c-0d .kb-image-is-ratio-size{max-width:-471px;width:100%;}.kb-image_e0128c-0d figure{max-width:-471px;}.kb-image_e0128c-0d .image-is-svg, .kb-image_e0128c-0d .image-is-svg img{width:100%;}<\/style>\n<div class=\"wp-block-kadence-image kb-image_e0128c-0d\"><figure class=\"alignleft size-large\"><a href=\"https:\/\/llumiverdad.com\/wp-content\/uploads\/2022\/05\/Sello-Llum-i-Verdad-4.png\" class=\"kb-advanced-image-link\"><img decoding=\"async\" loading=\"lazy\" width=\"1021\" height=\"1024\" src=\"https:\/\/llumiverdad.com\/wp-content\/uploads\/2022\/05\/Sello-Llum-i-Verdad-4-1021x1024.png\" alt=\"\" class=\"kb-img wp-image-59\" srcset=\"https:\/\/llumiverdad.com\/wp-content\/uploads\/2022\/05\/Sello-Llum-i-Verdad-4-1021x1024.png 1021w, https:\/\/llumiverdad.com\/wp-content\/uploads\/2022\/05\/Sello-Llum-i-Verdad-4-300x300.png 300w, https:\/\/llumiverdad.com\/wp-content\/uploads\/2022\/05\/Sello-Llum-i-Verdad-4-150x150.png 150w, https:\/\/llumiverdad.com\/wp-content\/uploads\/2022\/05\/Sello-Llum-i-Verdad-4-768x770.png 768w, https:\/\/llumiverdad.com\/wp-content\/uploads\/2022\/05\/Sello-Llum-i-Verdad-4.png 1276w\" sizes=\"(max-width: 1021px) 100vw, 1021px\" \/><\/a><\/figure><\/div>\n<\/div><\/div>\n\n\n<style>.kadence-column_5e592c-e0 > .kt-inside-inner-col{border-top-width:0px;border-right-width:0px;border-bottom-width:0px;border-left-width:0px;}.kadence-column_5e592c-e0 > .kt-inside-inner-col,.kadence-column_5e592c-e0 > .kt-inside-inner-col:before{border-top-left-radius:0px;border-top-right-radius:0px;border-bottom-right-radius:0px;border-bottom-left-radius:0px;}.kadence-column_5e592c-e0 > .kt-inside-inner-col:before{opacity:0.3;}.kadence-column_5e592c-e0{position:relative;}<\/style>\n<div class=\"wp-block-kadence-column inner-column-2 kadence-column_5e592c-e0\"><div class=\"kt-inside-inner-col\">\n<p>Creiem que \u00e9s fonamental el treball inici\u00e0tic a trav\u00e9s dels rituals i del simbolisme que estudiem, de la mateixa manera que l&#8217;aprofundiment sobre el coneixement de les diferents savieses que formen el Ritu Escoc\u00e8s Antic Acceptat, ens d\u00f3na la possibilitat d&#8217;obrir les nostres ments a altres maneres de pensar, per comprendre i comparar altres opinions, i tot aix\u00f2 per tal de desenvolupar cadascun la seva pr\u00f2pia consci\u00e8ncia i espiritualitat en plena llibertat i fora de tot dogmatisme.<\/p>\n\n\n\n<p>La Ma\u00e7oneria Liberal que representa la nostra l\u00f2gia, agrupa persones de diferents ideologies pol\u00edtiques, de diferents sentiments religiosos i de diferents extractes socioecon\u00f2mics que, a la serena calma dels seus locals, treballen conjuntament per una millora real de cadascun dels seus membres perqu\u00e8, cadascun en la mesura de les seves pr\u00f2pies possibilitats pugui contribuir a una millora de la societat.<\/p>\n<\/div><\/div>\n<\/div><\/div><\/div>\n","protected":false},"excerpt":{"rendered":"<p>&#8220;Ning\u00fa \u00e9s una altra cosa que el que fa&#8221; La Respectable L\u00f2gia Llum y Verdad va aixecar columnes a la ciutat de Barcelona el dia 14 d&#8217;abril del 2018 amb la participaci\u00f3 de ma\u00e7ons d&#8217;Espanya, Fran\u00e7a, B\u00e8lgica i Brasil. Des d&#8217;un primer moment i invariablement sota el nostre lema de Llibertat, Igualtat i Fraternitat els&#8230;<\/p>\n","protected":false},"author":1,"featured_media":769,"parent":0,"menu_order":0,"comment_status":"closed","ping_status":"closed","template":"","meta":{"_kad_blocks_custom_css":"","_kad_blocks_head_custom_js":"","_kad_blocks_body_custom_js":"","_kad_blocks_footer_custom_js":"","_kad_post_transparent":"","_kad_post_title":"","_kad_post_layout":"","_kad_post_sidebar_id":"","_kad_post_content_style":"","_kad_post_vertical_padding":"","_kad_post_feature":"","_kad_post_feature_position":"","_kad_post_header":false,"_kad_post_footer":false},"featured_image_src_large":["https:\/\/llumiverdad.com\/wp-content\/uploads\/2022\/05\/chisel.jpg",720,435,false],"author_info":{"display_name":"admin","author_link":"https:\/\/llumiverdad.com\/ca\/author\/admin\/"},"comment_info":0,"taxonomy_info":[],"_links":{"self":[{"href":"https:\/\/llumiverdad.com\/ca\/wp-json\/wp\/v2\/pages\/1799"}],"collection":[{"href":"https:\/\/llumiverdad.com\/ca\/wp-json\/wp\/v2\/pages"}],"about":[{"href":"https:\/\/llumiverdad.com\/ca\/wp-json\/wp\/v2\/types\/page"}],"author":[{"embeddable":true,"href":"https:\/\/llumiverdad.com\/ca\/wp-json\/wp\/v2\/users\/1"}],"replies":[{"embeddable":true,"href":"https:\/\/llumiverdad.com\/ca\/wp-json\/wp\/v2\/comments?post=1799"}],"version-history":[{"count":3,"href":"https:\/\/llumiverdad.com\/ca\/wp-json\/wp\/v2\/pages\/1799\/revisions"}],"predecessor-version":[{"id":1802,"href":"https:\/\/llumiverdad.com\/ca\/wp-json\/wp\/v2\/pages\/1799\/revisions\/1802"}],"wp:featuredmedia":[{"embeddable":true,"href":"https:\/\/llumiverdad.com\/ca\/wp-json\/wp\/v2\/media\/769"}],"wp:attachment":[{"href":"https:\/\/llumiverdad.com\/ca\/wp-json\/wp\/v2\/media?parent=1799"}],"curies":[{"name":"wp","href":"https:\/\/api.w.org\/{rel}","templated":true}]}}